{"id":1055,"date":"2023-10-21T13:59:48","date_gmt":"2023-10-21T11:59:48","guid":{"rendered":"https:\/\/heimatring-lorup.de\/wordpress\/?page_id=1055"},"modified":"2023-10-21T14:17:24","modified_gmt":"2023-10-21T12:17:24","slug":"veranstaltungen","status":"publish","type":"page","link":"https:\/\/heimatring-lorup.de\/wordpress\/veranstaltungen\/","title":{"rendered":"Veranstaltungen"},"content":{"rendered":"\n<p class=\"has-medium-font-size\"><strong><em>Gelungener Tag der Heimatvereine in Lorup<\/em><\/strong><\/p>\n\n\n\n<p class=\"has-small-font-size\">15. September 2023<\/p>\n\n\n\n<p><strong><em>Festliche Stimmung bei Tanz, Musik, Traditionspflege, Heimatgeschichte und altes Handwerk rund um und in Krulls Hus in Lorup<\/em><\/strong><\/p>\n\n\n\n<p>Bei strahlendem Sonnenschein und guter Laune trafen sich am Sonntagnachmittag Heimatfreunde aus dem gesamten n\u00f6rdlichen Emsland\u00a0 zum Fest der Heimatvereine auf dem H\u00fcmmling in Lorup. Hierzu konnte \u00a0der 1. Vorsitzende des gastgebenden Vereins Hans Schwarte Vertreter fast aller Vereine aus dem n\u00f6rdlichen Emsland begr\u00fc\u00dfen. Nachdem der stellvertretende Vorsitzende des Emsl\u00e4ndischen Heimatbundes Karl-Heinz Weber, Lathen mit der\u00a0 stellv. Gesch\u00e4ftsf\u00fchrerin Renuka Vivekananthan mit den Vorsitzenden \u00a0des Heimatvereins Aschendorf-H\u00fcmmling e.V. \u00a0den Starschuss f\u00fcr den 8. Tag der Heimatvereine gegeben hatten, startete rund um Krulls Hus \u00a0ein kurzweiliges und ansprechendes Programm. <\/p>\n\n\n\n<p>Themen zur Heimatgeschichte, Musik, Trachten- Tanzgruppen und altes Handwerk gestalteten ein vielf\u00e4ltiges Programm f\u00fcr die ganze Familie. Historisches Handwerk wurde gezeigt, darunter die historischen Feldschmieden der Niederlangener \u00a0und Rheder Heimatfreunde,\u00a0die Taubinder\u00a0 und der \u201eTunscherenkerl\u201c aus Wippingen, Oldtimer des gastgebenden Loruper Heimatringes, Verkaufsst\u00e4nde des Heimat- und B\u00fcrgervereins Aschendorf , der Hans Meyer-Wellmann Stiftung, der Lahner- und Spahnharrenst\u00e4tter Heimatfreunde und die Bierbrauer aus Fresenburg mit den weiteren Verkaufsst\u00e4nden der beteiligten Vereine aus Lorup, der Heimatvereine Breddenberg-Heidbr\u00fccken, Werlte, S\u00f6gel, B\u00f6rger \u00a0und nicht \u00a0zuletzt die kulinarischen Angebote der befreundeten Heimatfreunde aus Lathen und\u00a0 Oberlangen sorgten f\u00fcr eine bunte und abwechslungsreiche Kulisse auf dem historischen Gel\u00e4nde in Lorup.\u00a0 <\/p>\n\n\n\n<p>Der Tag der Heimatvereine, der alle zwei Jahre stattfindet und wegen der Coronapandemie eine Zwangspause einlegen musste, zog wiederum ein breites Publikum an. \u00a0Die Veranstaltung wurde \u00a0finanziell sowohl vom Heimatverein Aschendorf-H\u00fcmmling e.V. als auch vom Emsl\u00e4ndischen Heimatbund gro\u00dfz\u00fcgig unterst\u00fctzt. Auf der gut besuchten Veranstaltung in Lorup wurde wieder einmal deutlich, dass die Pflege der Heimatarbeit und der Traditionen in unserer hochtechnisierten und schnelllebigen Zeit nach wie vor aktuell ist \u00a0und ein breites Publikum anspricht.\u00a0<\/p>\n\n\n\n<figure class=\"wp-block-gallery has-nested-images columns-default is-cropped wp-block-gallery-1 is-layout-flex wp-block-gallery-is-layout-flex\">\n<figure class=\"wp-block-image size-large\"><a href=\"https:\/\/heimatring-lorup.de\/wordpress\/wp-content\/uploads\/2023\/10\/Gelungener-Tag-der-Heimatvereine-in-Lorup-09.23-1.jpg\"><img loading=\"lazy\" decoding=\"async\" width=\"1024\" height=\"768\" data-id=\"1056\" src=\"https:\/\/heimatring-lorup.de\/wordpress\/wp-content\/uploads\/2023\/10\/Gelungener-Tag-der-Heimatvereine-in-Lorup-09.23-1.jpg\" alt=\"\" class=\"wp-image-1056\" srcset=\"https:\/\/heimatring-lorup.de\/wordpress\/wp-content\/uploads\/2023\/10\/Gelungener-Tag-der-Heimatvereine-in-Lorup-09.23-1.jpg 1024w, https:\/\/heimatring-lorup.de\/wordpress\/wp-content\/uploads\/2023\/10\/Gelungener-Tag-der-Heimatvereine-in-Lorup-09.23-1-300x225.jpg 300w, https:\/\/heimatring-lorup.de\/wordpress\/wp-content\/uploads\/2023\/10\/Gelungener-Tag-der-Heimatvereine-in-Lorup-09.23-1-768x576.jpg 768w\" sizes=\"auto, (max-width: 1024px) 100vw, 1024px\" \/><\/a><\/figure>\n\n\n\n<figure class=\"wp-block-image size-large\"><a href=\"https:\/\/heimatring-lorup.de\/wordpress\/wp-content\/uploads\/2023\/10\/Gelungener-Tag-der-Heimatvereine-in-Lorup-09.23-2.jpg\"><img loading=\"lazy\" decoding=\"async\" width=\"1024\" height=\"646\" data-id=\"1057\" src=\"https:\/\/heimatring-lorup.de\/wordpress\/wp-content\/uploads\/2023\/10\/Gelungener-Tag-der-Heimatvereine-in-Lorup-09.23-2.jpg\" alt=\"\" class=\"wp-image-1057\" srcset=\"https:\/\/heimatring-lorup.de\/wordpress\/wp-content\/uploads\/2023\/10\/Gelungener-Tag-der-Heimatvereine-in-Lorup-09.23-2.jpg 1024w, https:\/\/heimatring-lorup.de\/wordpress\/wp-content\/uploads\/2023\/10\/Gelungener-Tag-der-Heimatvereine-in-Lorup-09.23-2-300x189.jpg 300w, https:\/\/heimatring-lorup.de\/wordpress\/wp-content\/uploads\/2023\/10\/Gelungener-Tag-der-Heimatvereine-in-Lorup-09.23-2-768x485.jpg 768w\" sizes=\"auto, (max-width: 1024px) 100vw, 1024px\" \/><\/a><\/figure>\n\n\n\n<figure class=\"wp-block-image size-large\"><a href=\"https:\/\/heimatring-lorup.de\/wordpress\/wp-content\/uploads\/2023\/10\/Gelungener-Tag-der-Heimatvereine-in-Lorup-09.23-3.jpg\"><img loading=\"lazy\" decoding=\"async\" width=\"1024\" height=\"768\" data-id=\"1058\" src=\"https:\/\/heimatring-lorup.de\/wordpress\/wp-content\/uploads\/2023\/10\/Gelungener-Tag-der-Heimatvereine-in-Lorup-09.23-3.jpg\" alt=\"\" class=\"wp-image-1058\" srcset=\"https:\/\/heimatring-lorup.de\/wordpress\/wp-content\/uploads\/2023\/10\/Gelungener-Tag-der-Heimatvereine-in-Lorup-09.23-3.jpg 1024w, https:\/\/heimatring-lorup.de\/wordpress\/wp-content\/uploads\/2023\/10\/Gelungener-Tag-der-Heimatvereine-in-Lorup-09.23-3-300x225.jpg 300w, https:\/\/heimatring-lorup.de\/wordpress\/wp-content\/uploads\/2023\/10\/Gelungener-Tag-der-Heimatvereine-in-Lorup-09.23-3-768x576.jpg 768w\" sizes=\"auto, (max-width: 1024px) 100vw, 1024px\" \/><\/a><\/figure>\n<\/figure>\n\n\n\n<p class=\"has-text-align-right has-small-font-size\">Beitrag \u00fcbernommen vom: <a href=\"https:\/\/heimatverein-asd.de\/2023\/09\/gelungener-tag-der-heimatvereine-in-lorup\/\" target=\"_blank\" rel=\"noreferrer noopener\">Heimatverein Aschendorf-H\u00fcmmling e.V.<\/a><\/p>\n\n\n\n<p class=\"has-medium-font-size\"><strong><em>Arbeitskreis der Heimatvereinsvorsitzenden in Lorup<\/em><\/strong><\/p>\n\n\n\n<p class=\"has-small-font-size\">17. Juli 2023<\/p>\n\n\n\n<p class=\"has-medium-font-size\">Loruper Heimatring toller Gastgeber<\/p>\n\n\n\n<p>Lorup. \u201eHeimatvereine sind das Ged\u00e4chtnis der D\u00f6rfer\u201c mit diesem Satz hat Lorups B\u00fcrgermeister Wilhelm Munk in seinem Gru\u00dfwort bei der Zusammenkunft der Vereine im Bereich des Heimatvereins Aschendorf-H\u00fcmmling sehr treffend die Bedeutung der Heimatvereine beschrieben. In Krulls Hus konnte Vorsitzender Hans Albers nahezu Vertreter aller Vereine begr\u00fc\u00dfen, die den Heimatring Lorup e.V. als Veranstalter des nach der Corona Zwangspause erstmals wieder am 3.9.2022 stattfindenden Tag der Heimatvereine unterst\u00fctzen wollen. Mit Gerd Conens stellte sich der neue Gesch\u00e4ftsf\u00fchrer vor und Hans Gr\u00f6nloh pr\u00e4sentierte die vielf\u00e4ltigen Aktivit\u00e4ten der \u00f6rtlichen Vereine. Gute Nachrichten brachte die Gesch\u00e4ftsf\u00fchrerin der Emsl\u00e4ndischen Landschaft Daniela K\u00f6sters mit, die \u00fcber aktuelle F\u00f6rderprogramme berichtete.<\/p>\n\n\n\n<p>\u00dcber die geplanten Aktivit\u00e4ten auf dem Tag der Heimatvereine, der am 3. September 2023 in und um Krulls Hus in Lorup stattfindet, berichte Vorsitzender Hans Schwarte vom Heimatring Lorup. Weitere Vereine aus dem n\u00f6rdlichen Emsland sagten ihre Unterst\u00fctzung zu und werden somit daf\u00fcr sorgen, dass an diesem Tag die bunte Vielfallt der Heimatarbeit aus dem n\u00f6rdlichen Emsland pr\u00e4sentiert, werden kann. <\/p>\n\n\n\n<figure class=\"wp-block-gallery has-nested-images columns-default is-cropped wp-block-gallery-2 is-layout-flex wp-block-gallery-is-layout-flex\">\n<figure class=\"wp-block-image size-large\"><a href=\"https:\/\/heimatring-lorup.de\/wordpress\/wp-content\/uploads\/2023\/10\/Heimatvereine-in-Lorup-.jpg\"><img loading=\"lazy\" decoding=\"async\" width=\"1024\" height=\"768\" data-id=\"1064\" src=\"https:\/\/heimatring-lorup.de\/wordpress\/wp-content\/uploads\/2023\/10\/Heimatvereine-in-Lorup-.jpg\" alt=\"\" class=\"wp-image-1064\" srcset=\"https:\/\/heimatring-lorup.de\/wordpress\/wp-content\/uploads\/2023\/10\/Heimatvereine-in-Lorup-.jpg 1024w, https:\/\/heimatring-lorup.de\/wordpress\/wp-content\/uploads\/2023\/10\/Heimatvereine-in-Lorup--300x225.jpg 300w, https:\/\/heimatring-lorup.de\/wordpress\/wp-content\/uploads\/2023\/10\/Heimatvereine-in-Lorup--768x576.jpg 768w\" sizes=\"auto, (max-width: 1024px) 100vw, 1024px\" \/><\/a><\/figure>\n\n\n\n<figure class=\"wp-block-image size-large\"><a href=\"https:\/\/heimatring-lorup.de\/wordpress\/wp-content\/uploads\/2023\/10\/Heimatvereine-in-Lorup-1.jpg\"><img loading=\"lazy\" decoding=\"async\" width=\"1024\" height=\"768\" data-id=\"1065\" src=\"https:\/\/heimatring-lorup.de\/wordpress\/wp-content\/uploads\/2023\/10\/Heimatvereine-in-Lorup-1.jpg\" alt=\"\" class=\"wp-image-1065\" srcset=\"https:\/\/heimatring-lorup.de\/wordpress\/wp-content\/uploads\/2023\/10\/Heimatvereine-in-Lorup-1.jpg 1024w, https:\/\/heimatring-lorup.de\/wordpress\/wp-content\/uploads\/2023\/10\/Heimatvereine-in-Lorup-1-300x225.jpg 300w, https:\/\/heimatring-lorup.de\/wordpress\/wp-content\/uploads\/2023\/10\/Heimatvereine-in-Lorup-1-768x576.jpg 768w\" sizes=\"auto, (max-width: 1024px) 100vw, 1024px\" \/><\/a><\/figure>\n<\/figure>\n\n\n\n<p class=\"has-text-align-right has-small-font-size\">Beitrag \u00fcbernommen vom: <a href=\"https:\/\/heimatverein-asd.de\/2023\/07\/arbeitskreis-der-heimatvereinsvorsitzenden-in-lorup\/\" target=\"_blank\" rel=\"noreferrer noopener\">Heimatverein Aschendorf-H\u00fcmmling e.V.<\/a><\/p>\n","protected":false},"excerpt":{"rendered":"<p>Gelungener Tag der Heimatvereine in Lorup 15. September 2023 Festliche Stimmung bei Tanz, Musik, Traditionspflege, Heimatgeschichte und altes Handwerk rund um und in Krulls Hus in Lorup Bei strahlendem Sonnenschein und guter Laune trafen sich am Sonntagnachmittag Heimatfreunde aus dem gesamten n\u00f6rdlichen Emsland\u00a0 zum Fest der Heimatvereine auf dem H\u00fcmmling in Lorup. Hierzu konnte \u00a0der [&hellip;]<\/p>\n","protected":false},"author":1,"featured_media":0,"parent":0,"menu_order":0,"comment_status":"closed","ping_status":"closed","template":"","meta":{"footnotes":""},"class_list":["post-1055","page","type-page","status-publish","hentry"],"_links":{"self":[{"href":"https:\/\/heimatring-lorup.de\/wordpress\/wp-json\/wp\/v2\/pages\/1055","targetHints":{"allow":["GET"]}}],"collection":[{"href":"https:\/\/heimatring-lorup.de\/wordpress\/wp-json\/wp\/v2\/pages"}],"about":[{"href":"https:\/\/heimatring-lorup.de\/wordpress\/wp-json\/wp\/v2\/types\/page"}],"author":[{"embeddable":true,"href":"https:\/\/heimatring-lorup.de\/wordpress\/wp-json\/wp\/v2\/users\/1"}],"replies":[{"embeddable":true,"href":"https:\/\/heimatring-lorup.de\/wordpress\/wp-json\/wp\/v2\/comments?post=1055"}],"version-history":[{"count":9,"href":"https:\/\/heimatring-lorup.de\/wordpress\/wp-json\/wp\/v2\/pages\/1055\/revisions"}],"predecessor-version":[{"id":1073,"href":"https:\/\/heimatring-lorup.de\/wordpress\/wp-json\/wp\/v2\/pages\/1055\/revisions\/1073"}],"wp:attachment":[{"href":"https:\/\/heimatring-lorup.de\/wordpress\/wp-json\/wp\/v2\/media?parent=1055"}],"curies":[{"name":"wp","href":"https:\/\/api.w.org\/{rel}","templated":true}]}}