{"id":115,"date":"2021-03-18T22:43:49","date_gmt":"2021-03-18T21:43:49","guid":{"rendered":"https:\/\/heimatring-lorup.de\/wordpress\/?page_id=115"},"modified":"2021-03-23T12:52:10","modified_gmt":"2021-03-23T11:52:10","slug":"beldertunscheere","status":"publish","type":"page","link":"https:\/\/heimatring-lorup.de\/wordpress\/beldertunscheere\/","title":{"rendered":"Beldertunscheere"},"content":{"rendered":"\n<div class=\"wp-block-buttons has-small-font-size is-layout-flex wp-block-buttons-is-layout-flex\">\n<div class=\"wp-block-button\"><a class=\"wp-block-button__link has-vivid-green-cyan-background-color has-background\" href=\"https:\/\/heimatring-lorup.de\/wordpress\/beldertunscheere\/\">Beldertunscheere<\/a><\/div>\n\n\n\n<div class=\"wp-block-button\"><a class=\"wp-block-button__link has-black-color has-text-color has-background\" href=\"https:\/\/heimatring-lorup.de\/wordpress\/familienforschung\/\" style=\"background-color:#d9f6eb\">Familienforschung<\/a><\/div>\n\n\n\n<div class=\"wp-block-button\"><a class=\"wp-block-button__link has-black-color has-text-color has-background\" href=\"https:\/\/heimatring-lorup.de\/wordpress\/fotos\/\" style=\"background-color:#a8fbdd\">Fotos<\/a><\/div>\n\n\n\n<div class=\"wp-block-button\"><a class=\"wp-block-button__link has-black-color has-text-color has-background\" href=\"https:\/\/heimatring-lorup.de\/wordpress\/oldtimer\/\" style=\"background-color:#d9f6eb\">Oldtimer<\/a><\/div>\n\n\n\n<div class=\"wp-block-button\"><a class=\"wp-block-button__link has-black-color has-text-color has-background\" href=\"https:\/\/heimatring-lorup.de\/wordpress\/plattdeutsch\/\" style=\"background-color:#a8fbdd\">Plattdeutsch<\/a><\/div>\n\n\n\n<div class=\"wp-block-button\"><a class=\"wp-block-button__link has-black-color has-text-color has-background\" href=\"https:\/\/heimatring-lorup.de\/wordpress\/volkstanzgruppe\/\" style=\"background-color:#d9f6eb\">Volkstanzgruppe<\/a><\/div>\n\n\n\n<div class=\"wp-block-button\"><a class=\"wp-block-button__link has-black-color has-text-color has-background\" href=\"https:\/\/heimatring-lorup.de\/wordpress\/akr-drechslerei\/\" style=\"background-color:#a8fbdd\">Drechslerei<\/a><\/div>\n\n\n\n<div class=\"wp-block-button\"><a class=\"wp-block-button__link has-black-color has-text-color has-background\" href=\"https:\/\/heimatring-lorup.de\/wordpress\/unsere-buecherei\/\" style=\"background-color:#d9f6eb\">Unsere B\u00fccherei<\/a><\/div>\n<\/div>\n\n\n\n<div class=\"wp-block-media-text alignwide is-stacked-on-mobile is-vertically-aligned-top\" style=\"grid-template-columns:35% auto\"><figure class=\"wp-block-media-text__media\"><img loading=\"lazy\" decoding=\"async\" width=\"255\" height=\"350\" src=\"https:\/\/heimatring-lorup.de\/wordpress\/wp-content\/uploads\/2021\/03\/beldertunscheere.jpg\" alt=\"\" class=\"wp-image-376 size-full\" srcset=\"https:\/\/heimatring-lorup.de\/wordpress\/wp-content\/uploads\/2021\/03\/beldertunscheere.jpg 255w, https:\/\/heimatring-lorup.de\/wordpress\/wp-content\/uploads\/2021\/03\/beldertunscheere-219x300.jpg 219w\" sizes=\"auto, (max-width: 255px) 100vw, 255px\" \/><\/figure><div class=\"wp-block-media-text__content\">\n<p><strong>Arbeitskreis Beldertunscheere<\/strong> unter der Leitung des Vorstand Heimatring, Sprecher Hans Gr\u00f6nloh:<\/p>\n\n\n\n<p class=\"has-small-font-size\">In diesem Jahr wurde die 61. Beldertunscheere herausgegeben. Es wurden von dieser Ausgabe wieder ca. 1.100 Exemplare erstellt, von denen 300 auf dem Postweg ins In- uns Ausland verschickt und die anderen in Lorup verteilt wurden.<br>Im Arbeitskreis Beldertunscheere arbeiten aktuell Walburga Hegger, Annemarie Luttmann, Gerd Immken, Christine Redweik, Dirk Book und vom Vorstand Hans Schwarte, Hans Gr\u00f6nloh, Karin Korte, Claudia Meyer, Bernd Krull und Hans Wingberm\u00fchlen mit.<br>Nachdem alle \u00e4lteren Loruper Einwohner nach deren Erinnerungen aus ihrer Kindheit befragt wurden, haben wir die Ergebnisse in den letzten beiden Jahren zusammengefasst ver\u00f6ffentlicht. Das war f\u00fcr alle, die ein Interview gemacht haben, sowie f\u00fcr die Leser der Beldertunscheere sehr interessant.<br><br>In der 62. Ausgabe besch\u00e4ftigen wir uns im Arbeitskreis mit den zwanziger Jahren.<br>Die Themen sind: Inflation, goldene Jahre des SV DJK, Gr\u00fcndung eines Gesellenvereins, Weltwirtschaftskrise, B\u00fcrgermeister, Gemeinder\u00e4te, B\u00fcrgerversammlungen und die geplante Eisenbahn \u00fcber den H\u00fcmmling.<br>Die Beldertunscheere wird dieses Jahr sicher wieder sehr interessant.<br>Wenn jemand entsprechende Informationen f\u00fcr kommende Ausgaben hat, ist er herzlich eingeladen, in unserem Arbeitskreis mitzumachen.<\/p>\n<\/div><\/div>\n\n\n\n<p><strong>An dieser Stelle noch einmal ein Gesamtverzeichnis aller Ausgaben, die als Original oder als Kopien beim Heimatring erh\u00e4ltlich sind.<\/strong><\/p>\n\n\n[table id=4 \/]\n","protected":false},"excerpt":{"rendered":"<p>Arbeitskreis Beldertunscheere unter der Leitung des Vorstand Heimatring, Sprecher Hans Gr\u00f6nloh: In diesem Jahr wurde die 61. Beldertunscheere herausgegeben. Es wurden von dieser Ausgabe wieder ca. 1.100 Exemplare erstellt, von denen 300 auf dem Postweg ins In- uns Ausland verschickt und die anderen in Lorup verteilt wurden.Im Arbeitskreis Beldertunscheere arbeiten aktuell Walburga Hegger, Annemarie Luttmann, [&hellip;]<\/p>\n","protected":false},"author":1,"featured_media":0,"parent":0,"menu_order":0,"comment_status":"closed","ping_status":"closed","template":"","meta":{"footnotes":""},"class_list":["post-115","page","type-page","status-publish","hentry"],"_links":{"self":[{"href":"https:\/\/heimatring-lorup.de\/wordpress\/wp-json\/wp\/v2\/pages\/115","targetHints":{"allow":["GET"]}}],"collection":[{"href":"https:\/\/heimatring-lorup.de\/wordpress\/wp-json\/wp\/v2\/pages"}],"about":[{"href":"https:\/\/heimatring-lorup.de\/wordpress\/wp-json\/wp\/v2\/types\/page"}],"author":[{"embeddable":true,"href":"https:\/\/heimatring-lorup.de\/wordpress\/wp-json\/wp\/v2\/users\/1"}],"replies":[{"embeddable":true,"href":"https:\/\/heimatring-lorup.de\/wordpress\/wp-json\/wp\/v2\/comments?post=115"}],"version-history":[{"count":6,"href":"https:\/\/heimatring-lorup.de\/wordpress\/wp-json\/wp\/v2\/pages\/115\/revisions"}],"predecessor-version":[{"id":487,"href":"https:\/\/heimatring-lorup.de\/wordpress\/wp-json\/wp\/v2\/pages\/115\/revisions\/487"}],"wp:attachment":[{"href":"https:\/\/heimatring-lorup.de\/wordpress\/wp-json\/wp\/v2\/media?parent=115"}],"curies":[{"name":"wp","href":"https:\/\/api.w.org\/{rel}","templated":true}]}}