{"id":118,"date":"2021-03-18T22:44:15","date_gmt":"2021-03-18T21:44:15","guid":{"rendered":"https:\/\/heimatring-lorup.de\/wordpress\/?page_id=118"},"modified":"2021-03-23T13:01:53","modified_gmt":"2021-03-23T12:01:53","slug":"familienforschung","status":"publish","type":"page","link":"https:\/\/heimatring-lorup.de\/wordpress\/familienforschung\/","title":{"rendered":"Familienforschung"},"content":{"rendered":"\n<div class=\"wp-block-buttons has-small-font-size is-layout-flex wp-block-buttons-is-layout-flex\">\n<div class=\"wp-block-button\"><a class=\"wp-block-button__link has-black-color has-text-color has-background\" href=\"https:\/\/heimatring-lorup.de\/wordpress\/beldertunscheere\/\" style=\"background-color:#a8fbdd\">Beldertunscheere<\/a><\/div>\n\n\n\n<div class=\"wp-block-button\"><a class=\"wp-block-button__link has-vivid-green-cyan-background-color has-background\" href=\"https:\/\/heimatring-lorup.de\/wordpress\/familienforschung\/\">Familienforschung<\/a><\/div>\n\n\n\n<div class=\"wp-block-button\"><a class=\"wp-block-button__link has-black-color has-text-color has-background\" href=\"https:\/\/heimatring-lorup.de\/wordpress\/fotos\/\" style=\"background-color:#a8fbdd\">Fotos<\/a><\/div>\n\n\n\n<div class=\"wp-block-button\"><a class=\"wp-block-button__link has-black-color has-text-color has-background\" href=\"https:\/\/heimatring-lorup.de\/wordpress\/oldtimer\/\" style=\"background-color:#8fdabd\">Oldtimer<\/a><\/div>\n\n\n\n<div class=\"wp-block-button\"><a class=\"wp-block-button__link has-black-color has-text-color has-background\" href=\"https:\/\/heimatring-lorup.de\/wordpress\/plattdeutsch\/\" style=\"background-color:#a8fbdd\">Plattdeutsch<\/a><\/div>\n\n\n\n<div class=\"wp-block-button\"><a class=\"wp-block-button__link has-black-color has-text-color has-background\" href=\"https:\/\/heimatring-lorup.de\/wordpress\/volkstanzgruppe\/\" style=\"background-color:#5ed7a8\">Volkstanzgruppe<\/a><\/div>\n\n\n\n<div class=\"wp-block-button\"><a class=\"wp-block-button__link has-black-color has-text-color has-background\" href=\"https:\/\/heimatring-lorup.de\/wordpress\/akr-drechslerei\/\" style=\"background-color:#a8fbdd\">Drechslerei<\/a><\/div>\n\n\n\n<div class=\"wp-block-button\"><a class=\"wp-block-button__link has-black-color has-text-color has-background\" href=\"https:\/\/heimatring-lorup.de\/wordpress\/unsere-buecherei\/\" style=\"background-color:#d9f6eb\">Unsere B\u00fccherei<\/a><\/div>\n<\/div>\n\n\n\n<p class=\"has-medium-font-size\"><strong>Familienforschung<\/strong><\/p>\n\n\n\n<p>Unter der Leitung von Hans Schwarte<\/p>\n\n\n\n<p class=\"has-small-font-size\">Im Fr\u00fchjahr 1993 beschlo\u00df der Vorstand des Heimat Ring zur Unterst\u00fctzung und zur besseren Aufarbeitung von einzelnen Fachbereichen Arbeitskreise ein zusetzen, so auch einen Arbeitskreis f\u00fcr Familienforschung.<\/p>\n\n\n\n<p class=\"has-small-font-size\">Am 23. M\u00e4rz 1993 fand die erste Arbeitskreissitzung statt. Zum Arbeitskreisleiter wurde Andreas Schindler ernannt.<\/p>\n\n\n\n<p class=\"has-small-font-size\">Hans Meyer Wellmann hinterlie\u00df dem Heimat Ring f\u00fcr die Familienforschung die Abschriften der Loruper Kirchenb\u00fccher. In diesen Anschriften waren die Geburten von 1700 bis 1931, die Heiraten von 1700 bis 1955 und die Sterbef\u00e4lle von 1700 bis 1900 verzeichnet.<br>Zus\u00e4tzlich aus den Stammbaum Arbeiten noch unz\u00e4hlige Notizen und Kopien von Personendaten.<\/p>\n\n\n\n<p class=\"has-small-font-size\">Um effektiv arbeiten zu k\u00f6nnen mu\u00dfte erst ein Formular entwickelt werden um diese Daten sinnvoll verarbeiten zu k\u00f6nnen. Dieses Familienstammblatt wurde von Andreas Schindler und Hans Schwarte erstellt. Dieses Formular hat sich als so praktikabel erwiesen, da\u00df inzwischen auch andere Heimat Vereine und auch private Forscher mit diesem Formular arbeiten.<\/p>\n\n\n\n<p class=\"has-small-font-size\">Die Hauptaufgabe in den ersten Jahren bestand darin, die Daten in diesem Formular zu erfassen. Da im Kirchenbuch Lorup bis 1900 auch die Personendaten f\u00fcr Esterwegen, Heidbr\u00fccken und Bockhorst erfasst sind, handelt es sich ca. um 60.000 erfa\u00dfte Personen.<\/p>\n\n\n\n<p class=\"has-small-font-size\">Aus beruflichen und privaten Gr\u00fcnden gab Andreas Schindler im Fr\u00fchjahr 1996 die Leitung des Arbeitskreises an der Vorstand zur\u00fcck. Der Vorstand berief Hans Schwarte zum neuen Arbeitskreisleiter. Hans Schwarte \u00fcbt diese Funktion bis heute aus.<\/p>\n\n\n\n<p class=\"has-small-font-size\">Im Fr\u00fchjahr 1997 konnte die Erfassung der Daten in den Familienstammbl\u00e4ttern erledigt werden. Jetzt konnten wieder Stammb\u00e4ume und Ahnentafeln erstellt werden.<\/p>\n\n\n\n<p class=\"has-small-font-size\">Der Vorstand und der Arbeitskreis entschieden sich, die Daten in einem Computer mit den Ahnenforschungsprogramm Pro Gen weiter zu verarbeiten.<br>Hans Schwarte hat bisher \u00fcber 18.000 Personen und \u00fcber 5.500 Heiraten erfasst. Diese Arbeit wird noch einige Jahre in Anspruch nehmen.<\/p>\n\n\n\n<p class=\"has-small-font-size\">Ab April 1998 hat der Arbeitskreis an der Erstellung der Ahnentafel des Jodocus Dirxen gearbeitet. Bereits in der Beldertunscheere 1999 konnte die Ahnentafel in Listenform ver\u00f6ffentlicht werden. Im Fr\u00fchjahr 1999 wurde eine erste Ausgabe als Buch ver\u00f6ffentlicht.<br>Nach dieser Ver\u00f6ffentlichung erhielten wir so viel weitere Informationen \u00fcber Nachkommen des Jodocus Dirxen und \u00fcber das Schulwesen in Lorup, da\u00df im Dezember 2000 eine zweite, erweiterte Auflage erschien. Zu diesem Zeitpunkt konnten wir \u00fcber 4.000 Nachkommen des Jodocus Dirxen nachweisen.<\/p>\n\n\n\n<p class=\"has-small-font-size\">F\u00fcr Interessenten k\u00f6nnen jetzt zus\u00e4tzlich zu den bekannten Stammb\u00e4umen auch B\u00fccher erstellt werden. Diese enthalten in jeder Generation auch alle Geschwister. Erfasst sind ferner die Berufe, Taufpaten, Trauzeugen, Sterbeursache und das Beerdigungsdatum.<br>Gerade die Nachkommen von Ausgewanderten nehmen h\u00e4ufig mit uns Kontakt auf um mehr \u00fcber ihre Vorfahren zu erfahren.<\/p>\n\n\n\n<p class=\"has-small-font-size\">Inzwischen hat Hans Schwarte sich einen Laptop ausschlie\u00dflich f\u00fcr die Familienforschung angeschafft, um die Daten virensicher zu erfassen und zu verwalten.<\/p>\n\n\n\n<p class=\"has-small-font-size\">Hans Schwarte und Wilhelm Korte \u2013 Dirxen nehmen an Tagungen und Schulungen des Arbeitskreises Familienforschung der Emsl\u00e4ndischen Landschaft teil und vertreten den Heimat Ring bei der \u201eAhnenb\u00f6rse\u201c der Emsl\u00e4ndischen Landschaft.<br><\/p>\n\n\n\n<p class=\"has-small-font-size\">Inzwischen sind in der EDV \u00fcber 48.000 Personen und \u00fcber 16.000 Hochzeiten erfasst. Weitere Daten werden laufend aus Chroniken, Zeitungsarchiven, Nachrufen und anderen Quellen gesammelt. wer war wann in Vereinsvorst\u00e4nden, wer war wann Sch\u00fctzenk\u00f6nig oder wer geh\u00f6rte wann dem Gemeinderat an. Es werden immer mehr Ahnentafeln in Buchform als Geschenk zu Weihnachten, zu Geburtstagen und Hochzeiten verschenkt. Viele Anfragen nach Vorfahren erreichen uns aus dem In- uns Ausland, hier besonders aus den USA und Holland. Aber auch Anfragen aus Australien, Kanada und England sind wieder bei uns eingegangen. Anfragen, die bei der Gemeinde eingehen, werden an uns weitergeleitet. In diesem Jahr hatten wir eine Anfrage nach einem deutschen Soldaten, der beim R\u00e4umen von Minen in Lorup get\u00f6tet wurde.<br>Der AK beteiligt sich au\u00dferdem j\u00e4hrlich an den Veranstaltungen der Emsl\u00e4ndischen Landschaft. Auch an der Ahnen- und B\u00fccherb\u00f6rse, die j\u00e4hrlich stattfindet, nehmen wir teil. Hier arbeiten wir mit einem gemeinsamen Stand eng mit dem Heimatverein B\u00f6rger zusammen.<\/p>\n","protected":false},"excerpt":{"rendered":"<p>Familienforschung Unter der Leitung von Hans Schwarte Im Fr\u00fchjahr 1993 beschlo\u00df der Vorstand des Heimat Ring zur Unterst\u00fctzung und zur besseren Aufarbeitung von einzelnen Fachbereichen Arbeitskreise ein zusetzen, so auch einen Arbeitskreis f\u00fcr Familienforschung. Am 23. M\u00e4rz 1993 fand die erste Arbeitskreissitzung statt. Zum Arbeitskreisleiter wurde Andreas Schindler ernannt. Hans Meyer Wellmann hinterlie\u00df dem Heimat [&hellip;]<\/p>\n","protected":false},"author":1,"featured_media":0,"parent":0,"menu_order":0,"comment_status":"closed","ping_status":"closed","template":"","meta":{"footnotes":""},"class_list":["post-118","page","type-page","status-publish","hentry"],"_links":{"self":[{"href":"https:\/\/heimatring-lorup.de\/wordpress\/wp-json\/wp\/v2\/pages\/118","targetHints":{"allow":["GET"]}}],"collection":[{"href":"https:\/\/heimatring-lorup.de\/wordpress\/wp-json\/wp\/v2\/pages"}],"about":[{"href":"https:\/\/heimatring-lorup.de\/wordpress\/wp-json\/wp\/v2\/types\/page"}],"author":[{"embeddable":true,"href":"https:\/\/heimatring-lorup.de\/wordpress\/wp-json\/wp\/v2\/users\/1"}],"replies":[{"embeddable":true,"href":"https:\/\/heimatring-lorup.de\/wordpress\/wp-json\/wp\/v2\/comments?post=118"}],"version-history":[{"count":4,"href":"https:\/\/heimatring-lorup.de\/wordpress\/wp-json\/wp\/v2\/pages\/118\/revisions"}],"predecessor-version":[{"id":489,"href":"https:\/\/heimatring-lorup.de\/wordpress\/wp-json\/wp\/v2\/pages\/118\/revisions\/489"}],"wp:attachment":[{"href":"https:\/\/heimatring-lorup.de\/wordpress\/wp-json\/wp\/v2\/media?parent=118"}],"curies":[{"name":"wp","href":"https:\/\/api.w.org\/{rel}","templated":true}]}}