{"id":121,"date":"2021-03-18T22:44:39","date_gmt":"2021-03-18T21:44:39","guid":{"rendered":"https:\/\/heimatring-lorup.de\/wordpress\/?page_id=121"},"modified":"2021-03-23T13:14:16","modified_gmt":"2021-03-23T12:14:16","slug":"fotos","status":"publish","type":"page","link":"https:\/\/heimatring-lorup.de\/wordpress\/fotos\/","title":{"rendered":"Fotos"},"content":{"rendered":"\n<div class=\"wp-block-buttons has-small-font-size is-layout-flex wp-block-buttons-is-layout-flex\">\n<div class=\"wp-block-button\"><a class=\"wp-block-button__link has-black-color has-text-color has-background\" href=\"https:\/\/heimatring-lorup.de\/wordpress\/beldertunscheere\/\" style=\"background-color:#a8fbdd\">Beldertunscheere<\/a><\/div>\n\n\n\n<div class=\"wp-block-button\"><a class=\"wp-block-button__link has-black-color has-text-color has-background\" href=\"https:\/\/heimatring-lorup.de\/wordpress\/familienforschung\/\" style=\"background-color:#d9f6eb\">Familienforschung<\/a><\/div>\n\n\n\n<div class=\"wp-block-button\"><a class=\"wp-block-button__link has-vivid-green-cyan-background-color has-background\" href=\"https:\/\/heimatring-lorup.de\/wordpress\/fotos\/\">Fotos<\/a><\/div>\n\n\n\n<div class=\"wp-block-button\"><a class=\"wp-block-button__link has-black-color has-text-color has-background\" href=\"https:\/\/heimatring-lorup.de\/wordpress\/oldtimer\/\" style=\"background-color:#d9f6eb\">Oldtimer<\/a><\/div>\n\n\n\n<div class=\"wp-block-button\"><a class=\"wp-block-button__link has-black-color has-text-color has-background\" href=\"https:\/\/heimatring-lorup.de\/wordpress\/plattdeutsch\/\" style=\"background-color:#a8fbdd\">Plattdeutsch<\/a><\/div>\n\n\n\n<div class=\"wp-block-button\"><a class=\"wp-block-button__link has-black-color has-text-color has-background\" href=\"https:\/\/heimatring-lorup.de\/wordpress\/volkstanzgruppe\/\" style=\"background-color:#d9f6eb\">Volkstanzgruppe<\/a><\/div>\n\n\n\n<div class=\"wp-block-button\"><a class=\"wp-block-button__link has-black-color has-text-color has-background\" href=\"https:\/\/heimatring-lorup.de\/wordpress\/akr-drechslerei\/\" style=\"background-color:#a8fbdd\">Drechslerei<\/a><\/div>\n\n\n\n<div class=\"wp-block-button\"><a class=\"wp-block-button__link has-black-color has-text-color has-background\" href=\"https:\/\/heimatring-lorup.de\/wordpress\/unsere-buecherei\/\" style=\"background-color:#d9f6eb\" target=\"_blank\" rel=\"noreferrer noopener\">Unsere B\u00fccherei<\/a><\/div>\n<\/div>\n\n\n\n<p class=\"has-medium-font-size\"><strong>Arbeitskreis Fotos<\/strong><\/p>\n\n\n\n<p>Unter der Leitung von Gerd Immken<\/p>\n\n\n\n<p class=\"has-small-font-size\">Nach der Neugr\u00fcndung des Heimatring Lorup mussten nahezu 2000 Fotos aus dem Nachla\u00df von Hans Meyer-Wellmann sortiert und archiviert werden. Ulrich Borgmann, Gerd Immken und Karin Korte trafen sich in regelm\u00e4\u00dfigen Abst\u00e4nden in Krull`s Hus, um Fotos nach einzelnen Sachgebieten wie z.B. Landschaft, Veranstaltungen, Personen, Geb\u00e4ude, Kirche u.s.w. zu sortieren.<\/p>\n\n\n\n<p class=\"has-small-font-size\">Durch diese Aufarbeitung war es eine gro\u00dfe Erleichterung, z.B. bei der Erstellung der Beldertunscheeren, schnell passende Fotos zu finden. 1994 hat der Arbeitskreis die Fotoausstellung beim Schulfest organisiert und 1995 wurden die \u00e4lteren Mitb\u00fcrger zu einem Seniorennachmittag eingeladen um zu erfahren, wer teilweise auf den Fotos abgebildet war.<\/p>\n\n\n\n<p class=\"has-small-font-size\">Josef Eilermann hat im Jahre 2004 den Arbeitskreis Fotos \u00fcbernommen. Er hat nochmals eine genauere Archivierung der ca. 2000 Fotos vorgenommen, indem er alle Fotos nummeriert, beschriftet und in spezielle Fotoalben sortiert hat.<\/p>\n\n\n\n<p class=\"has-small-font-size\">Bislang wurde dieser Arbeitskreis von Joseph Eilermann geleitet. Im Laufe des letzten Jahres hat Gerd Immken diese Aufgabe \u00fcbernommen. Auch in diesem Jahr haben wieder einige Gruppen das Heuerhaus besucht, um unser Fotoarchiv anzusehen, das inzwischen weit \u00fcber 5.000 alte Fotos umfasst. Dies ist nat\u00fcrlich nach vorheriger Terminabsprache auch weiterhin m\u00f6glich.<br>Um die von Privatpersonen zur Verf\u00fcgung gestellten Fotos gleich digitalisieren und die Originale sofort zur\u00fcckgeben zu k\u00f6nnen, wurde ein Scanner angeschafft.<br>Aus unserem Archiv werden die Bilder f\u00fcr die Beldertunscheere, f\u00fcr den Veranstaltungskalender und auch f\u00fcr die Erstellung von Chroniken genutzt.<\/p>\n\n\n\n<hr class=\"wp-block-separator has-text-color has-background has-vivid-green-cyan-background-color has-vivid-green-cyan-color is-style-wide\"\/>\n\n\n\n<p class=\"has-medium-font-size\"><strong>Ordner: &#8222;Dorfansichten und Geb\u00e4ude&#8220;<\/strong><\/p>\n\n\n\n<div class=\"wp-block-media-text alignwide is-stacked-on-mobile is-vertically-aligned-top\"><figure class=\"wp-block-media-text__media\"><img loading=\"lazy\" decoding=\"async\" width=\"400\" height=\"300\" src=\"https:\/\/heimatring-lorup.de\/wordpress\/wp-content\/uploads\/2021\/03\/geburtshaus-perk.jpg\" alt=\"\" class=\"wp-image-387 size-full\" srcset=\"https:\/\/heimatring-lorup.de\/wordpress\/wp-content\/uploads\/2021\/03\/geburtshaus-perk.jpg 400w, https:\/\/heimatring-lorup.de\/wordpress\/wp-content\/uploads\/2021\/03\/geburtshaus-perk-300x225.jpg 300w\" sizes=\"auto, (max-width: 400px) 100vw, 400px\" \/><\/figure><div class=\"wp-block-media-text__content\">\n<p><strong>Geburtshaus von Pater Perk<\/strong>, einem der bedeutendsten S\u00f6hne unserer Gemeinde.<\/p>\n\n\n\n<p class=\"has-small-font-size\">Neben anderen theologischen Abhandlungen, brachte Pater Perk (1880-1955) kurz vor dem 2. Weltkrieg sein wohl bedeutendstes Werk, &#8222;Das Neue Testament&#8220; heraus. Dieses Werk fand besonders in den USA gro\u00dfe Beachtung. So \u00fcbereichte ein amerikanisches kirchliches Hilfswerk nach dem Krieg, jedem deutschen Kriegsgefangenen in Amerika ein Exemplar des &#8222;Neuen Testaments&#8220; von Pater Johannes Perk)<\/p>\n<\/div><\/div>\n\n\n\n<div class=\"wp-block-media-text alignwide has-media-on-the-right is-stacked-on-mobile is-vertically-aligned-top\"><figure class=\"wp-block-media-text__media\"><img loading=\"lazy\" decoding=\"async\" width=\"400\" height=\"300\" src=\"https:\/\/heimatring-lorup.de\/wordpress\/wp-content\/uploads\/2021\/03\/holthaus-rohjans.jpg\" alt=\"\" class=\"wp-image-388 size-full\" srcset=\"https:\/\/heimatring-lorup.de\/wordpress\/wp-content\/uploads\/2021\/03\/holthaus-rohjans.jpg 400w, https:\/\/heimatring-lorup.de\/wordpress\/wp-content\/uploads\/2021\/03\/holthaus-rohjans-300x225.jpg 300w\" sizes=\"auto, (max-width: 400px) 100vw, 400px\" \/><\/figure><div class=\"wp-block-media-text__content\">\n<p><strong>Maschinenfabrik Holthaus und Rohjans an der Hauptstra\u00dfe<\/strong><\/p>\n\n\n\n<p class=\"has-small-font-size\">(Die Firman Holthaus und Rohjans lieferte im Jahre 1904 anl\u00e4\u00dflich einer Hochzeit erstmalig elektrischen Strom in ein Loruper Privathaus.)<\/p>\n<\/div><\/div>\n\n\n\n<div class=\"wp-block-media-text alignwide is-stacked-on-mobile is-vertically-aligned-top\"><figure class=\"wp-block-media-text__media\"><img loading=\"lazy\" decoding=\"async\" width=\"400\" height=\"315\" src=\"https:\/\/heimatring-lorup.de\/wordpress\/wp-content\/uploads\/2021\/03\/westerholt.jpg\" alt=\"\" class=\"wp-image-389 size-full\" srcset=\"https:\/\/heimatring-lorup.de\/wordpress\/wp-content\/uploads\/2021\/03\/westerholt.jpg 400w, https:\/\/heimatring-lorup.de\/wordpress\/wp-content\/uploads\/2021\/03\/westerholt-300x236.jpg 300w\" sizes=\"auto, (max-width: 400px) 100vw, 400px\" \/><\/figure><div class=\"wp-block-media-text__content\">\n<p><strong>Westerholt<\/strong><\/p>\n\n\n\n<p class=\"has-small-font-size\">(Von Malern, die Anfang des 20. Jahrhunderts auch auf dem H\u00fcmmling nach Motiven f\u00fcr ihre Bilder suchten, wurde der Loruper Ortsteil Westerholt oftmals das &#8222;H\u00fcmmlinger Worpswede&#8220; bezeichnet.)<\/p>\n<\/div><\/div>\n\n\n\n<div class=\"wp-block-media-text alignwide has-media-on-the-right is-stacked-on-mobile is-vertically-aligned-top\"><figure class=\"wp-block-media-text__media\"><img loading=\"lazy\" decoding=\"async\" width=\"400\" height=\"300\" src=\"https:\/\/heimatring-lorup.de\/wordpress\/wp-content\/uploads\/2021\/03\/kinderumzug1958.jpg\" alt=\"\" class=\"wp-image-390 size-full\" srcset=\"https:\/\/heimatring-lorup.de\/wordpress\/wp-content\/uploads\/2021\/03\/kinderumzug1958.jpg 400w, https:\/\/heimatring-lorup.de\/wordpress\/wp-content\/uploads\/2021\/03\/kinderumzug1958-300x225.jpg 300w\" sizes=\"auto, (max-width: 400px) 100vw, 400px\" \/><\/figure><div class=\"wp-block-media-text__content\">\n<p><strong>Ein Motiv vom Sch\u00fctzenfest-Kinderumzug von 1958<\/strong><\/p>\n\n\n\n<p class=\"has-small-font-size\">(Der Kinderumzug blickt auf eine fast 90j\u00e4hrige Tradition zur\u00fcck. Auch heute noch ist er ein fester Bestandteil unseres allj\u00e4hrlichen Sch\u00fctzenfestes am Pfingstmontag und Pfingstdienstag.)<\/p>\n<\/div><\/div>\n","protected":false},"excerpt":{"rendered":"<p>Arbeitskreis Fotos Unter der Leitung von Gerd Immken Nach der Neugr\u00fcndung des Heimatring Lorup mussten nahezu 2000 Fotos aus dem Nachla\u00df von Hans Meyer-Wellmann sortiert und archiviert werden. Ulrich Borgmann, Gerd Immken und Karin Korte trafen sich in regelm\u00e4\u00dfigen Abst\u00e4nden in Krull`s Hus, um Fotos nach einzelnen Sachgebieten wie z.B. Landschaft, Veranstaltungen, Personen, Geb\u00e4ude, Kirche [&hellip;]<\/p>\n","protected":false},"author":1,"featured_media":0,"parent":0,"menu_order":0,"comment_status":"closed","ping_status":"closed","template":"","meta":{"footnotes":""},"class_list":["post-121","page","type-page","status-publish","hentry"],"_links":{"self":[{"href":"https:\/\/heimatring-lorup.de\/wordpress\/wp-json\/wp\/v2\/pages\/121","targetHints":{"allow":["GET"]}}],"collection":[{"href":"https:\/\/heimatring-lorup.de\/wordpress\/wp-json\/wp\/v2\/pages"}],"about":[{"href":"https:\/\/heimatring-lorup.de\/wordpress\/wp-json\/wp\/v2\/types\/page"}],"author":[{"embeddable":true,"href":"https:\/\/heimatring-lorup.de\/wordpress\/wp-json\/wp\/v2\/users\/1"}],"replies":[{"embeddable":true,"href":"https:\/\/heimatring-lorup.de\/wordpress\/wp-json\/wp\/v2\/comments?post=121"}],"version-history":[{"count":4,"href":"https:\/\/heimatring-lorup.de\/wordpress\/wp-json\/wp\/v2\/pages\/121\/revisions"}],"predecessor-version":[{"id":493,"href":"https:\/\/heimatring-lorup.de\/wordpress\/wp-json\/wp\/v2\/pages\/121\/revisions\/493"}],"wp:attachment":[{"href":"https:\/\/heimatring-lorup.de\/wordpress\/wp-json\/wp\/v2\/media?parent=121"}],"curies":[{"name":"wp","href":"https:\/\/api.w.org\/{rel}","templated":true}]}}