{"id":127,"date":"2021-03-18T22:45:37","date_gmt":"2021-03-18T21:45:37","guid":{"rendered":"https:\/\/heimatring-lorup.de\/wordpress\/?page_id=127"},"modified":"2021-03-23T14:03:38","modified_gmt":"2021-03-23T13:03:38","slug":"plattdeutsch","status":"publish","type":"page","link":"https:\/\/heimatring-lorup.de\/wordpress\/plattdeutsch\/","title":{"rendered":"Plattdeutsch"},"content":{"rendered":"\n<div class=\"wp-block-buttons has-small-font-size is-layout-flex wp-block-buttons-is-layout-flex\">\n<div class=\"wp-block-button\"><a class=\"wp-block-button__link has-black-color has-text-color has-background\" href=\"https:\/\/heimatring-lorup.de\/wordpress\/beldertunscheere\/\" style=\"background-color:#a8fbdd\">Beldertunscheere<\/a><\/div>\n\n\n\n<div class=\"wp-block-button\"><a class=\"wp-block-button__link has-black-color has-text-color has-background\" href=\"https:\/\/heimatring-lorup.de\/wordpress\/familienforschung\/\" style=\"background-color:#d9f6eb\">Familienforschung<\/a><\/div>\n\n\n\n<div class=\"wp-block-button\"><a class=\"wp-block-button__link has-black-color has-text-color has-background\" href=\"https:\/\/heimatring-lorup.de\/wordpress\/fotos\/\" style=\"background-color:#a8fbdd\">Fotos<\/a><\/div>\n\n\n\n<div class=\"wp-block-button\"><a class=\"wp-block-button__link has-black-color has-text-color has-background\" href=\"https:\/\/heimatring-lorup.de\/wordpress\/oldtimer\/\" style=\"background-color:#d9f6eb\">Oldtimer<\/a><\/div>\n\n\n\n<div class=\"wp-block-button\"><a class=\"wp-block-button__link has-vivid-green-cyan-background-color has-background\" href=\"https:\/\/heimatring-lorup.de\/wordpress\/plattdeutsch\/\">Plattdeutsch<\/a><\/div>\n\n\n\n<div class=\"wp-block-button\"><a class=\"wp-block-button__link has-black-color has-text-color has-background\" href=\"https:\/\/heimatring-lorup.de\/wordpress\/volkstanzgruppe\/\" style=\"background-color:#d9f6eb\">Volkstanzgruppe<\/a><\/div>\n\n\n\n<div class=\"wp-block-button\"><a class=\"wp-block-button__link has-black-color has-text-color has-background\" href=\"https:\/\/heimatring-lorup.de\/wordpress\/akr-drechslerei\/\" style=\"background-color:#a8fbdd\">Drechslerei<\/a><\/div>\n\n\n\n<div class=\"wp-block-button\"><a class=\"wp-block-button__link has-black-color has-text-color has-background\" href=\"https:\/\/heimatring-lorup.de\/wordpress\/unsere-buecherei\/\" style=\"background-color:#d9f6eb\">Unsere  B\u00fccherei<\/a><\/div>\n<\/div>\n\n\n\n<p class=\"has-medium-font-size\"><strong>Plattdeutsch<\/strong><\/p>\n\n\n\n<p>Unter der Leitung von Annelen Book<\/p>\n\n\n\n<p class=\"has-small-font-size\">Der Arbeitskreis Plattdeutsch wurde im September 1994 auf einer Informationsveranstaltung des Heimatringes gegr\u00fcndet. Bis 1997 wurde er von Gerhard Immken, dann von Annelen Book geleitet. Durch unterschiedliche Aktivit\u00e4ten hat sich der Arbeitskreis um die Pflege und den Erhalt des \u201cLoruper Platt\u201d bem\u00fcht.<br>Im Winter 1997 konnte das Hochzeitsb\u00fcchlein fertig gestellt werden. Es enth\u00e4lt Gedichte und andere Texte in Platt- und Hochdeutsch und will seine Leser \u00fcber Sitten und Br\u00e4uche zu Hochzeit, Geburt und Namengebung informieren. Au\u00dferdem enth\u00e4lt es eine Liste von traditionellen Vornamen, die in unserer Region gebr\u00e4uchlich waren, Ableitungen dieser Namen in moderner Form. Dieses B\u00fcchlein wurde der Gemeinde Lorup \u00fcbergeben mit der Bitte, allen Brautpaaren ein Exemplar zur Trauung zu schenken.<br>Im Januar 1999 f\u00fchrte der Arbeitskreis auf einem Kl\u00f6nabend den Einakter \u201cHier geiht hen, dor geiht hen\u201d auf. Nachdem die Mitspieler gro\u00dfen Beifall ernteten, wagte sich der Arbeitskreis an die \u201cRevue der Jahrhunderte\u201d von Pater Siemer. Dieses Singspiel konnte im Fr\u00fchjahr 2000 zweimal bei vollem Haus aufgef\u00fchrt werden. Die Besch\u00e4ftigung mit den Texten machte deutlich, wie sehr sich die plattdeutsche Sprache in den letzten 70 Jahren ver\u00e4ndert hat. Viele alte W\u00f6rter und Redewendungen geraten in Vergessenheit, wenn man nicht versucht, sie durch solche Aktivit\u00e4ten im Bewusstsein der Menschen lebendig zu halten.<br>Seit l\u00e4ngerer Zeit besch\u00e4ftigt sich der Arbeitskreis mit den alten Loruper Haus- und Hofnamen. Anhand einer Stra\u00dfenliste von 1972 (vgl. Bedertunscheere von 1988), in der die Familiennamen und die plattdeutschen Haus- und Hofnamen eingetragen sind, soll die Entstehung und Bedeutung dieser Namen sowie ihre Entwicklung bis in die Gegenwart untersucht werden. Nach Abschluss dieser Liste muss versucht werden, die Ergebnisse in brauchbarer Form aufzuschreiben und zu ver\u00f6ffentlichen.<br>Der Arbeitskreis Plattdeutsch trifft sich alle 4 Wochen im Heuerhaus. Es werden oft Begebenheiten von Fr\u00fcher und am\u00fcsante Geschichten \u201cauf Platt\u201d erz\u00e4hlt. Wenn diese Geschichten dann weitererz\u00e4hlt werden, ist auch dies ein sinnvoller Beitrag zur Erhaltung der Plattdeutschen Sprache. Der Arbeitskreis versteht sich als eine offene Gruppe, zu der Interessierte herzlich eingeladen sind.<br><br>\u201eWell platt kann, kann mehr!\u201c Nach diesem Motto haben sich die Mitglieder des Arbeitskreises jeden zweiten Dienstag im Monat im Heuerhaus getroffen.<br>Die Anfangszeiten dieser Treffen wurden von 20.00 Uhr auf 19.00 Uhr vorverlegt.<br><br>Erfreulicherweise sind zwei neue Mitglieder dazugesto\u00dfen.<br><br>Die Liste der plattdeutschen Hausnamen ist fast komplett. F\u00fcr eine systematische Bearbeitung wird jedoch noch Zeit ben\u00f6tigt.<br><br>Einige Teilnehmer des Arbeitskreises haben mit Beitr\u00e4gen am Kl\u00f6nnachmittag des Heimatringes mitgewirkt. Es wird nochmals betont, dass die plattdeutsche Sprache nur dann weiterlebt, wenn Eltern und Gro\u00dfeltern mit ihren Kindern und Enkeln platt sprechen.<\/p>\n","protected":false},"excerpt":{"rendered":"<p>Plattdeutsch Unter der Leitung von Annelen Book Der Arbeitskreis Plattdeutsch wurde im September 1994 auf einer Informationsveranstaltung des Heimatringes gegr\u00fcndet. Bis 1997 wurde er von Gerhard Immken, dann von Annelen Book geleitet. Durch unterschiedliche Aktivit\u00e4ten hat sich der Arbeitskreis um die Pflege und den Erhalt des \u201cLoruper Platt\u201d bem\u00fcht.Im Winter 1997 konnte das Hochzeitsb\u00fcchlein fertig [&hellip;]<\/p>\n","protected":false},"author":1,"featured_media":0,"parent":0,"menu_order":0,"comment_status":"closed","ping_status":"closed","template":"","meta":{"footnotes":""},"class_list":["post-127","page","type-page","status-publish","hentry"],"_links":{"self":[{"href":"https:\/\/heimatring-lorup.de\/wordpress\/wp-json\/wp\/v2\/pages\/127","targetHints":{"allow":["GET"]}}],"collection":[{"href":"https:\/\/heimatring-lorup.de\/wordpress\/wp-json\/wp\/v2\/pages"}],"about":[{"href":"https:\/\/heimatring-lorup.de\/wordpress\/wp-json\/wp\/v2\/types\/page"}],"author":[{"embeddable":true,"href":"https:\/\/heimatring-lorup.de\/wordpress\/wp-json\/wp\/v2\/users\/1"}],"replies":[{"embeddable":true,"href":"https:\/\/heimatring-lorup.de\/wordpress\/wp-json\/wp\/v2\/comments?post=127"}],"version-history":[{"count":4,"href":"https:\/\/heimatring-lorup.de\/wordpress\/wp-json\/wp\/v2\/pages\/127\/revisions"}],"predecessor-version":[{"id":497,"href":"https:\/\/heimatring-lorup.de\/wordpress\/wp-json\/wp\/v2\/pages\/127\/revisions\/497"}],"wp:attachment":[{"href":"https:\/\/heimatring-lorup.de\/wordpress\/wp-json\/wp\/v2\/media?parent=127"}],"curies":[{"name":"wp","href":"https:\/\/api.w.org\/{rel}","templated":true}]}}