{"id":136,"date":"2021-03-18T22:47:42","date_gmt":"2021-03-18T21:47:42","guid":{"rendered":"https:\/\/heimatring-lorup.de\/wordpress\/?page_id=136"},"modified":"2022-03-11T14:11:42","modified_gmt":"2022-03-11T13:11:42","slug":"unsere-buecherei","status":"publish","type":"page","link":"https:\/\/heimatring-lorup.de\/wordpress\/unsere-buecherei\/","title":{"rendered":"Unsere B\u00fccherei"},"content":{"rendered":"\n<div class=\"wp-block-buttons has-small-font-size is-layout-flex wp-block-buttons-is-layout-flex\">\n<div class=\"wp-block-button\"><a class=\"wp-block-button__link has-black-color has-text-color has-background\" href=\"https:\/\/heimatring-lorup.de\/wordpress\/beldertunscheere\/\" style=\"background-color:#a8fbdd\">Beldertunscheere<\/a><\/div>\n\n\n\n<div class=\"wp-block-button\"><a class=\"wp-block-button__link has-black-color has-text-color has-background\" href=\"https:\/\/heimatring-lorup.de\/wordpress\/familienforschung\/\" style=\"background-color:#d9f6eb\">Familienforschung<\/a><\/div>\n\n\n\n<div class=\"wp-block-button\"><a class=\"wp-block-button__link has-black-color has-text-color has-background\" href=\"https:\/\/heimatring-lorup.de\/wordpress\/fotos\/\" style=\"background-color:#a8fbdd\">Fotos<\/a><\/div>\n\n\n\n<div class=\"wp-block-button\"><a class=\"wp-block-button__link has-black-color has-text-color has-background\" href=\"https:\/\/heimatring-lorup.de\/wordpress\/oldtimer\/\" style=\"background-color:#d9f6eb\">Oldtimer<\/a><\/div>\n\n\n\n<div class=\"wp-block-button\"><a class=\"wp-block-button__link has-black-color has-text-color has-background\" href=\"https:\/\/heimatring-lorup.de\/wordpress\/plattdeutsch\/\" style=\"background-color:#a8fbdd\">Plattdeutsch<\/a><\/div>\n\n\n\n<div class=\"wp-block-button\"><a class=\"wp-block-button__link has-black-color has-text-color has-background\" href=\"https:\/\/heimatring-lorup.de\/wordpress\/volkstanzgruppe\/\" style=\"background-color:#d9f6eb\">Volkstanzgruppe<\/a><\/div>\n\n\n\n<div class=\"wp-block-button\"><a class=\"wp-block-button__link has-black-color has-text-color has-background\" href=\"https:\/\/heimatring-lorup.de\/wordpress\/akr-drechslerei\/\" style=\"background-color:#a8fbdd\">Drechslerei<\/a><\/div>\n\n\n\n<div class=\"wp-block-button\"><a class=\"wp-block-button__link has-white-color has-vivid-green-cyan-background-color has-text-color has-background\" href=\"https:\/\/heimatring-lorup.de\/wordpress\/unsere-buecherei\/\">Unsere B\u00fccherei<\/a><\/div>\n<\/div>\n\n\n\n<p class=\"has-medium-font-size\"><strong>Unsere B\u00fccherei<\/strong><\/p>\n\n\n\n<p>\u00bbIch kaufe B\u00fccher nicht, weil ich sie alle ben\u00f6tige, sondern weil ich mir ausmale, wie herrlich es sein wird, sie demn\u00e4chst \u2013 sagen wir eines Tages, zu lesen.\u00ab (Durs Gr\u00fcnbein)<\/p>\n\n\n\n<p>Hier ist eine <a href=\"https:\/\/heimatring-lorup.de\/wordpress\/wp-content\/uploads\/2022\/03\/Buecherei-Liste_21_02_22_Heimatring-Lorup.de_.pdf\">Liste aller B\u00fccher<\/a>, die der Heimatring-Lorup hat.<\/p>\n\n\n\n<p><strong>Unsere B\u00fccherei wurde nach der Spalte ASB (Allgemeine Semantik f\u00fcr \u00f6ffentliche Bibliotheken) sortiert. Folgende Informationen sollen Ihnen das Zurechtfinden erleichtern.<\/strong><\/p>\n\n\n[table id=25 responsive=&#8220;flip&#8220; \/]\n","protected":false},"excerpt":{"rendered":"<p>Unsere B\u00fccherei \u00bbIch kaufe B\u00fccher nicht, weil ich sie alle ben\u00f6tige, sondern weil ich mir ausmale, wie herrlich es sein wird, sie demn\u00e4chst \u2013 sagen wir eines Tages, zu lesen.\u00ab (Durs Gr\u00fcnbein) Hier ist eine Liste aller B\u00fccher, die der Heimatring-Lorup hat. Unsere B\u00fccherei wurde nach der Spalte ASB (Allgemeine Semantik f\u00fcr \u00f6ffentliche Bibliotheken) sortiert. [&hellip;]<\/p>\n","protected":false},"author":1,"featured_media":0,"parent":0,"menu_order":0,"comment_status":"closed","ping_status":"closed","template":"","meta":{"footnotes":""},"class_list":["post-136","page","type-page","status-publish","hentry"],"_links":{"self":[{"href":"https:\/\/heimatring-lorup.de\/wordpress\/wp-json\/wp\/v2\/pages\/136","targetHints":{"allow":["GET"]}}],"collection":[{"href":"https:\/\/heimatring-lorup.de\/wordpress\/wp-json\/wp\/v2\/pages"}],"about":[{"href":"https:\/\/heimatring-lorup.de\/wordpress\/wp-json\/wp\/v2\/types\/page"}],"author":[{"embeddable":true,"href":"https:\/\/heimatring-lorup.de\/wordpress\/wp-json\/wp\/v2\/users\/1"}],"replies":[{"embeddable":true,"href":"https:\/\/heimatring-lorup.de\/wordpress\/wp-json\/wp\/v2\/comments?post=136"}],"version-history":[{"count":14,"href":"https:\/\/heimatring-lorup.de\/wordpress\/wp-json\/wp\/v2\/pages\/136\/revisions"}],"predecessor-version":[{"id":934,"href":"https:\/\/heimatring-lorup.de\/wordpress\/wp-json\/wp\/v2\/pages\/136\/revisions\/934"}],"wp:attachment":[{"href":"https:\/\/heimatring-lorup.de\/wordpress\/wp-json\/wp\/v2\/media?parent=136"}],"curies":[{"name":"wp","href":"https:\/\/api.w.org\/{rel}","templated":true}]}}