{"id":623,"date":"2022-02-25T19:27:34","date_gmt":"2022-02-25T18:27:34","guid":{"rendered":"https:\/\/heimatring-lorup.de\/wordpress\/?page_id=623"},"modified":"2024-11-17T19:27:06","modified_gmt":"2024-11-17T18:27:06","slug":"arbeitskreise","status":"publish","type":"page","link":"https:\/\/heimatring-lorup.de\/wordpress\/arbeitskreise\/","title":{"rendered":"Arbeitskreise"},"content":{"rendered":"\n<div class=\"wp-block-buttons has-small-font-size is-layout-flex wp-block-buttons-is-layout-flex\">\n<div class=\"wp-block-button\"><a class=\"wp-block-button__link has-black-color has-text-color has-background wp-element-button\" href=\"https:\/\/heimatring-lorup.de\/wordpress\/beldertunscheere\/\" style=\"background-color:#a8fbdd\">Beldertunscheere<\/a><\/div>\n\n\n\n<div class=\"wp-block-button\"><a class=\"wp-block-button__link has-black-color has-text-color has-background wp-element-button\" href=\"https:\/\/heimatring-lorup.de\/wordpress\/familienforschung\/\" style=\"background-color:#d9f6eb\">Familienforschung<\/a><\/div>\n\n\n\n<div class=\"wp-block-button\"><a class=\"wp-block-button__link has-black-color has-text-color has-background wp-element-button\" href=\"https:\/\/heimatring-lorup.de\/wordpress\/fotos\/\" style=\"background-color:#a8fbdd\">Fotos<\/a><\/div>\n\n\n\n<div class=\"wp-block-button\"><a class=\"wp-block-button__link has-black-color has-text-color has-background wp-element-button\" href=\"https:\/\/heimatring-lorup.de\/wordpress\/oldtimer\/\" style=\"background-color:#d9f6eb\">Oldtimer<\/a><\/div>\n\n\n\n<div class=\"wp-block-button\"><a class=\"wp-block-button__link has-black-color has-text-color has-background wp-element-button\" href=\"https:\/\/heimatring-lorup.de\/wordpress\/plattdeutsch\/\" style=\"background-color:#a8fbdd\">Plattdeutsch<\/a><\/div>\n\n\n\n<div class=\"wp-block-button\"><a class=\"wp-block-button__link has-black-color has-text-color has-background wp-element-button\" href=\"https:\/\/heimatring-lorup.de\/wordpress\/volkstanzgruppe\/\" style=\"background-color:#d9f6eb\">Volkstanzgruppe<\/a><\/div>\n\n\n\n<div class=\"wp-block-button\"><a class=\"wp-block-button__link has-black-color has-text-color has-background wp-element-button\" href=\"https:\/\/heimatring-lorup.de\/wordpress\/akr-drechslerei\/\" style=\"background-color:#a8fbdd\">Drechslerei<\/a><\/div>\n\n\n\n<div class=\"wp-block-button\"><a class=\"wp-block-button__link has-black-color has-text-color has-background wp-element-button\" href=\"https:\/\/heimatring-lorup.de\/wordpress\/unsere-buecherei\/\" style=\"background-color:#d9f6eb\">Unsere B\u00fccherei<\/a><\/div>\n<\/div>\n\n\n\n<p class=\"has-text-color\" style=\"color:#358467\">&#8212;&#8212;&#8212;&#8212;&#8212;&#8212;&#8212;&#8212;&#8212;&#8212;&#8212;-<br><strong>Arbeitskreis Beldertunscheere<\/strong> unter der Leitung des Vorstandes, Sprecher Bernd Pohlabeln:<br>&#8212;&#8212;&#8212;&#8212;&#8212;&#8212;&#8212;&#8212;&#8212;&#8212;&#8212;-<\/p>\n\n\n\n<p>Bernd Pohlabeln berichtet erstmalig als neuer Sprecher des Arbeitskreises \u00fcber die Aktivit\u00e4ten der Gruppe.<br>Dem Arbeitskreis geh\u00f6ren zurzeit 12 Mitglieder an, wobei es aber auch viele Helfer im Hintergrund gibt, die Informationen, Bilder und Dokumente sammeln.<br>Das Kernthema der letzten Beldertunscheere 2024 waren die Kreuze und Bildst\u00f6cke in Lorup, \u00fcber die ann\u00e4hernd 50 Berichte verfasst wurden, jeweils mit den entsprechenden Bildern. Die Grotten, Kreuze, Statuen usw. im Umfeld der Kirche und der Friedhofskapelle wurden ebenso wie die Loruper Madonna, das Missionskreuz und der Kreuzweg innerhalb der Kirche mit einbezogen.<br>Ein besonderer Dank an dieser Stelle an die Verfasser der Berichte und an den Arbeitskreis \u201eFotos\u201c f\u00fcr die entsprechenden Bilder.<br>Auch den Eigent\u00fcmern und deren Angeh\u00f6rigen gilt ein herzlicher Dank f\u00fcr die Unterst\u00fctzung bei der Berichterstattung.<\/p>\n\n\n\n<p>In der n\u00e4chsten Ausgabe der Beldertunscheere f\u00fcr das Jahr 2025 werden wir uns mit dem Thema der Kneipen und Gastwirtschaften in Lorup besch\u00e4ftigen. Hier werden wir in ca. 12 Berichten ausf\u00fchrlich auf die Geschichte der Kneipen mit historischen Fakten eingehen. Dabei werden wir auch \u00fcber Geschichten und D\u00f6nkes berichten, die man uns zugetragen hat.<br>Wir sind bereits mit der Arbeit gestartet.<\/p>\n\n\n\n<p>Insgesamt haben wir ann\u00e4hernd gleichbleibend eine Auflage von 1.150 B\u00fcchern, davon werden ca. 300 Exemplare ins In- und Ausland verschickt.<\/p>\n\n\n\n<p>Die Beldertunscheere hat mittlerweile eine inhaltliche Gr\u00f6\u00dfenordnung von etwa 200 Seiten. Innerorts steht uns weiterhin das Team der Austr\u00e4ger zur Verf\u00fcgung, das flei\u00dfig zum Jahresanfang von Haus zu Haus die B\u00fccher und auch die Veranstaltungskalender verteilt.<br>Seitens des Vorstandes und des Arbeitskreises \u201eBeldertunscheere\u201c m\u00f6chten wir uns sehr herzlich bei allen Helfern bedanken, die hier mit anpacken und j\u00e4hrlich das Buch zu einem wiederkehrenden Erfolg machen.<\/p>\n\n\n\n<p>F\u00fcr neue Ideen und Themen f\u00fcr die n\u00e4chsten Beldertunscheeren sind wir immer offen.<\/p>\n\n\n\n<p class=\"has-text-color\" style=\"color:#358467\">&#8212;&#8212;&#8212;&#8212;&#8212;&#8212;&#8212;&#8212;&#8212;<br><strong>Arbeitskreis Drechslerei<\/strong> unter der Leitung von Ludwig Wilkens:<br>&#8212;&#8212;&#8212;&#8212;&#8212;&#8212;&#8212;&#8212;&#8212;<\/p>\n\n\n\n<p>Ludwig Wilkens berichtet \u00fcber die Arbeiten des Arbeitskreises im vergangenen Jahr. Insbesondere geht er dabei auf die F\u00fchrungen in Drechslerei und Remise ein, die sich immer gr\u00f6\u00dferer Beliebtheit erfreuen.<\/p>\n\n\n\n<p>Hier die Termine der F\u00fchrungen mit Besichtigung im Berichtszeitraum:<\/p>\n\n\n\n<ul class=\"wp-block-list\">\n<li>08.+09.10.2023\u00a0\u00a0 \u00d6ffnung anl\u00e4sslich der Kirmes<\/li>\n\n\n\n<li>29.10.2023\u00a0\u00a0\u00a0\u00a0\u00a0\u00a0\u00a0\u00a0\u00a0 Heimatvereine Werpeloh und Wippingen<\/li>\n\n\n\n<li>12.11.2023\u00a0\u00a0\u00a0\u00a0\u00a0\u00a0\u00a0\u00a0\u00a0 Drechsler aus dem Erzgebirge<\/li>\n\n\n\n<li>21.01.2024\u00a0\u00a0\u00a0\u00a0\u00a0\u00a0\u00a0\u00a0\u00a0 Heimatverein Holthausen-Biene<\/li>\n\n\n\n<li>11.02.2024\u00a0\u00a0\u00a0\u00a0\u00a0\u00a0\u00a0\u00a0\u00a0 Dorfhelferinnen aus Vechta, Nordhorn, Dohnen, Lohne-Wietmarschen und Lorup<\/li>\n\n\n\n<li>22.03.2024\u00a0\u00a0\u00a0\u00a0\u00a0\u00a0\u00a0\u00a0\u00a0 Gruppe aus Twist<\/li>\n\n\n\n<li>04.05.2024\u00a0\u00a0\u00a0\u00a0\u00a0\u00a0\u00a0\u00a0\u00a0 Heimatverein S\u00f6gel<\/li>\n\n\n\n<li>31.05.2024\u00a0\u00a0\u00a0\u00a0\u00a0\u00a0\u00a0\u00a0\u00a0 Mitarbeiter ATS Werlte<\/li>\n\n\n\n<li>03.08.2024\u00a0\u00a0\u00a0\u00a0\u00a0\u00a0\u00a0\u00a0\u00a0 Studentenvereinigung Oldenburg<\/li>\n\n\n\n<li>31.08.2024\u00a0\u00a0\u00a0\u00a0\u00a0\u00a0\u00a0\u00a0\u00a0 Familientreffen Schultgeers<\/li>\n\n\n\n<li>12.09.2024\u00a0\u00a0\u00a0\u00a0\u00a0\u00a0\u00a0\u00a0\u00a0 Gymnasium Werlte, \u201eAlt und Jung\u201c<\/li>\n<\/ul>\n\n\n\n<p>Im Juli 2024 konnten wir eine Schleifmaschine aus den 50er Jahren f\u00fcr die Drechslerei g\u00fcnstig erwerben. Die Maschine stand fr\u00fcher in der Drechslerei Grummel und ist somit zu ihrem Ursprung zur\u00fcckgekehrt.<\/p>\n\n\n\n<p class=\"has-text-color\" style=\"color:#358467\">&#8212;&#8212;&#8212;&#8212;&#8212;&#8212;&#8212;&#8212;&#8212;&#8212;&#8212;-<br><strong>Arbeitskreis Familienforschung<\/strong> unter der Leitung von Hans Schwarte:<br>&#8212;&#8212;&#8212;&#8212;&#8212;&#8212;&#8212;&#8212;&#8212;&#8212;&#8212;&#8211;<\/p>\n\n\n\n<p>Inzwischen sind \u00fcber 72.000 Personen und \u00fcber 23.700 Ehen in der EDV erfasst. In den letzten 12 Monaten sind \u00fcber 4.000 Personen hinzugekommen.<\/p>\n\n\n\n<p>Die Nachfrage nach Ahnentafeln ist unver\u00e4ndert hoch.<\/p>\n\n\n\n<p>Die Zusammenarbeit mit anderen Forschern auf dem H\u00fcmmling ist noch verst\u00e4rkt worden.<\/p>\n\n\n\n<p>Wir tauschen uns regelm\u00e4\u00dfig mit folgenden Personen aus anderen Heimatvereinen usw. aus:<br>Hermann Ubbenjans aus B\u00f6rger, Hans Bernd G\u00f6\u00dfling aus Neub\u00f6rger, Heinz Korte aus Werpeloh, Holger Lemmermann aus S\u00f6gel, Uli Siemer aus Papenburg (forscht im Bereich Bockhorst und Burlage) und Hermann Eilermann aus Georgsmarienh\u00fctte (forscht in Harrenst\u00e4tte und Spahn).<br>Wilhelm Olliges aus Gehlenberg ist leider im Januar 2024 verstorben.<\/p>\n\n\n\n<p>Aus Archiven, Chroniken, Zeitungen, Nachrufen und anderen Quellen werden die Daten laufend erg\u00e4nzt.<br>Anfragen erreichten uns aus den USA, aus Kanada und Holland.<br>Erstmalich auch eine Anfrage aus der Schweiz, diese in Zusammenhang mit Auswanderungen in die USA.<\/p>\n\n\n\n<p>Zum Bereich Auswanderungen erhielten wir ebenfalls Anfragen von Prof. Dr. Schulz von der Uni  Oldenburg, der dieses Thema auch bearbeitet.<br>Wir beteiligen uns am Arbeitskreis Familienforschung der Emsl\u00e4ndischen Landschaft und arbeiten insbesondere mit dem Arbeitskreis des Heimatvereins B\u00f6rger zusammen. Beim Tag der Heimatvereine im September 2023 und bei der Ahnenb\u00f6rse in Lingen am 16. M\u00e4rz 2024 hatten wir einen gemeinsamen Stand.<\/p>\n\n\n\n<p>Die n\u00e4chste Ahnenb\u00f6rse der Emsl\u00e4ndischen Landschaft wird in Lorup stattfinden.<\/p>\n\n\n\n<p class=\"has-text-color\" style=\"color:#358467\">&#8212;&#8212;&#8212;&#8212;&#8212;&#8212;-<br><strong>Arbeitskreis Foto<\/strong> unter der Leitung von Heiner Gerdes:<br>&#8212;&#8212;&#8212;&#8212;&#8212;&#8212;-<\/p>\n\n\n\n<p>Der Arbeitskreis \u201eFotos\u201c besteht zurzeit aus 8 Mitgliedern. Wie bereits berichtet, hat der Vorstand des Heimat-Rings im letzten Jahr umfangreiches Equipment zur Digitalisierung von Fotos genehmigt und auch angeschafft. Wir sind flei\u00dfig dabei, das Foto-Archiv des Heimat-Rings durch zu scannen, was aufgrund des umfangreichen Archivs noch einige Zeit in Anspruch nehmen wird, aber es geht gut voran. Mit der Digitalisierung und Kategorisierung k\u00f6nnen wir sp\u00e4ter Fotos schneller im Archiv finden und Bilder themenbezogen ruckzuck -beispielsweise f\u00fcr Ausstellungen- zur Verf\u00fcgung stellen.<\/p>\n\n\n\n<p>Wir haben f\u00fcr die letzte Beldertunscheere und den Vereinskalender wieder viele Bilder zusammengestellt und dem Arbeitskreis \u201eBeldertunscheere\u201c zur Verf\u00fcgung gestellt. Insbesondere haben wir alle Loruper Wegekreuze fotografiert. Ein Dank an unsere Mitglieder und an die Loruper B\u00fcrger, die die Kreuze kurz vor dem Fototermin noch mal schnell auf Vordermann gebracht haben und gerne bereit waren, Ausk\u00fcnfte zu ihren Kreuzen zu geben.<\/p>\n\n\n\n<p>Gruppenintern haben wir noch eine kleine Bildungsreise zum Moormuseum gemacht.<\/p>\n\n\n\n<p>Wir w\u00fcnschen uns, dass die Mitglieder des Heimat-Rings auch weiterhin interessante und historische Bilder f\u00fcr unser Archiv zur Verf\u00fcgung stellen.<\/p>\n\n\n\n<p class=\"has-text-color\" style=\"color:#358467\">&#8212;&#8212;&#8212;&#8212;&#8212;&#8212;&#8212;&#8212;<br><strong>Arbeitskreis Oldtimer<\/strong> unter der Leitung von Dirk Book:<br>&#8212;&#8212;&#8212;&#8212;&#8212;&#8212;&#8212;&#8212;<\/p>\n\n\n\n<p>Im April 2024 hat das gro\u00dfe Oldtimertreffen auf dem Sch\u00fctzenplatz stattgefunden. Es waren 1.000 historische Traktoren, PKWs und Motorr\u00e4der zu sehen. Es gab ein umf\u00e4ngliches Rahmenprogramm zur Unterhaltung der zahlreichen Besucher. Am Samstagabend hat der traditionelle \u201eSchmierstoffball\u201c im Festzelt stattgefunden. Die Veranstaltung war ein voller Erfolg.<\/p>\n\n\n\n<p>Der Arbeitskreis \u201eOldtimer\u201c hat im zur\u00fcckliegenden Jahr an Ausstellungen und Oldtimertreffen in Diepholz\/Aschen, in Breddenberg, in Rieste am Alfsee, in Dwergte, in Wesuwe, in Kluse und in Neurhede teilgenommen.<\/p>\n\n\n\n<p>Im Herbst 2024 hat wieder die allj\u00e4hrliche Kartoffelernte mit den Sch\u00fclern der Grundschule stattgefunden.<\/p>\n\n\n\n<p>Neben den gro\u00dfen und feststehenden Terminen haben wieder viele kleinere Arbeitseins\u00e4tze und gesellige Treffen stattgefunden.<\/p>\n\n\n\n<p>Der Arbeitskreis trifft sich jeweils am ersten Freitag im Monat.<\/p>\n\n\n\n<p>Interessierte sind immer herzlich willkommen.<\/p>\n\n\n\n<p class=\"has-text-color\" style=\"color:#358467\">&#8212;&#8212;&#8212;&#8212;&#8212;&#8212;&#8212;&#8212;&#8212;-<br><strong>Arbeitskreis Plattdeutsch<\/strong> unter der Leitung von Annelen Book:<br>&#8212;&#8212;&#8212;&#8212;&#8212;&#8212;&#8212;&#8212;&#8212;-<\/p>\n\n\n\n<p>Wir haben uns regelm\u00e4\u00dfig an jedem ersten Dienstag im Monat im Heuerhaus bei Tee und Kringels -bei passenden Gelegenheiten gab es auch Stutenkerle oder Neujahrskuchen- im Heuerhaus getroffen. Die Themen waren meistens aus der Heimatgeschichte, aber es ging h\u00e4ufig auch um Familiengeschichte, wenn Familiennamen, die es heute in Lorup nicht mehr gibt, in alten Schriften auftauchten. Selbstverst\u00e4ndlich fanden alle Unterhaltungen auf Platt statt. Dabei stellten wir mit Bedauern fest, dass viele alte Begriffe mit der Zeit aus dem Sprachgebrauch verschwinden. An manchen Abenden brachte der ein oder andere ein solches Wort mit, das er irgendwo gelesen oder geh\u00f6rt hatte, aber nicht mehr richtig verstehen konnte.<\/p>\n\n\n\n<p>Gemeinsam konnten wir dann meistens eine Erkl\u00e4rung finden.<\/p>\n\n\n\n<p>Au\u00dferdem haben sich Mitglieder unseres Arbeitskreises mit Beitr\u00e4gen am Kl\u00f6nnachmittag beteiligt.<\/p>\n\n\n\n<p><\/p>\n","protected":false},"excerpt":{"rendered":"<p>&#8212;&#8212;&#8212;&#8212;&#8212;&#8212;&#8212;&#8212;&#8212;&#8212;&#8212;-Arbeitskreis Beldertunscheere unter der Leitung des Vorstandes, Sprecher Bernd Pohlabeln:&#8212;&#8212;&#8212;&#8212;&#8212;&#8212;&#8212;&#8212;&#8212;&#8212;&#8212;- Bernd Pohlabeln berichtet erstmalig als neuer Sprecher des Arbeitskreises \u00fcber die Aktivit\u00e4ten der Gruppe.Dem Arbeitskreis geh\u00f6ren zurzeit 12 Mitglieder an, wobei es aber auch viele Helfer im Hintergrund gibt, die Informationen, Bilder und Dokumente sammeln.Das Kernthema der letzten Beldertunscheere 2024 waren die Kreuze und Bildst\u00f6cke [&hellip;]<\/p>\n","protected":false},"author":1,"featured_media":0,"parent":0,"menu_order":0,"comment_status":"closed","ping_status":"closed","template":"","meta":{"footnotes":""},"class_list":["post-623","page","type-page","status-publish","hentry"],"_links":{"self":[{"href":"https:\/\/heimatring-lorup.de\/wordpress\/wp-json\/wp\/v2\/pages\/623","targetHints":{"allow":["GET"]}}],"collection":[{"href":"https:\/\/heimatring-lorup.de\/wordpress\/wp-json\/wp\/v2\/pages"}],"about":[{"href":"https:\/\/heimatring-lorup.de\/wordpress\/wp-json\/wp\/v2\/types\/page"}],"author":[{"embeddable":true,"href":"https:\/\/heimatring-lorup.de\/wordpress\/wp-json\/wp\/v2\/users\/1"}],"replies":[{"embeddable":true,"href":"https:\/\/heimatring-lorup.de\/wordpress\/wp-json\/wp\/v2\/comments?post=623"}],"version-history":[{"count":9,"href":"https:\/\/heimatring-lorup.de\/wordpress\/wp-json\/wp\/v2\/pages\/623\/revisions"}],"predecessor-version":[{"id":1161,"href":"https:\/\/heimatring-lorup.de\/wordpress\/wp-json\/wp\/v2\/pages\/623\/revisions\/1161"}],"wp:attachment":[{"href":"https:\/\/heimatring-lorup.de\/wordpress\/wp-json\/wp\/v2\/media?parent=623"}],"curies":[{"name":"wp","href":"https:\/\/api.w.org\/{rel}","templated":true}]}}